{"id":147,"date":"2025-06-25T23:54:30","date_gmt":"2025-06-25T23:54:30","guid":{"rendered":"https:\/\/letzteraugust.bewegungsfreiheit.ch\/contexte\/"},"modified":"2025-07-05T01:00:09","modified_gmt":"2025-07-05T01:00:09","slug":"contexte","status":"publish","type":"page","link":"https:\/\/letzteraugust.bewegungsfreiheit.ch\/fr\/contexte\/","title":{"rendered":"Contexte"},"content":{"rendered":"\n<h1 class=\"wp-block-heading\">Contexte<\/h1>\n\n<p>Les id\u00e9es et les discours d\u2019extr\u00eame droite semblent dominer la sc\u00e8ne internationale. Les propos fascistes sont devenus monnaie courante et les discours d\u2019extr\u00eame droite ont fait leur chemin jusqu\u2019au c\u0153ur de la politique partisane. Avec Donald Trump, c\u2019est un homme patriarcal, fasciste, raciste, misogyne et homophobe qui est \u00e0 la t\u00eate de l\u2019un des pays les plus puissants du monde. En Allemagne, l\u2019AfD, un parti qui pr\u00f4ne les expulsions massives, recueille un cinqui\u00e8me des voix et a une influence consid\u00e9rable sur le programme \u00e9lectoral de la CDU, le parti vainqueur des \u00e9lections. Et alors que la catastrophe climatique continue de s\u2019acc\u00e9l\u00e9rer, l\u2019UE, au lieu de prendre des mesures justes pour prot\u00e9ger le climat, adopte un \u00ab pacte migratoire \u00bb qui limite \u00e9norm\u00e9ment le droit d\u2019asile, demande des camps de d\u00e9tention aux fronti\u00e8res ext\u00e9rieures et renforce encore la forteresse Europe.<\/p>\n\n<p>M\u00eame si le discours social dit souvent que cela se passe surtout \u00e0 l\u2019\u00e9tranger et que la Suisse est pr\u00e9sent\u00e9e comme un \u00eelot de compromis politique et de neutralit\u00e9, le virage \u00e0 droite ne s\u2019arr\u00eate pas l\u00e0. Les groupes d\u2019extr\u00eame droite comme la Junge Tat ont des plateformes m\u00e9diatiques pour leurs discours (\u00e9co)fascistes et leurs liens avec des partis dits \u00e9tablis comme l\u2019UDC sont de moins en moins d\u00e9mentis. Au lieu de s\u2019attaquer aux vrais probl\u00e8mes, comme les in\u00e9galit\u00e9s sociales croissantes, l\u2019in\u00e9galit\u00e9 entre les sexes ou les multiples crises \u00e9cologiques, c\u2019est une \u00ab lutte culturelle \u00bb orchestr\u00e9e par la droite qui domine le d\u00e9bat social. Depuis une d\u00e9cennie, le programme du parti UDC sert de mod\u00e8le \u00e0 l\u2019AfD, et le conseiller f\u00e9d\u00e9ral socialiste Beat Jans est \u00e0 l\u2019avant-garde d\u2019une politique d\u2019asile et de migration de plus en plus dure.<\/p>\n\n<p>On pourrait continuer \u00e0 l\u2019infini la liste des exemples illustrant comment les id\u00e9ologies et les discours d\u2019extr\u00eame droite gagnent massivement en ampleur et en influence \u00e0 travers le monde et menacent la vie des personnes non blanches, migrantes, FINTA*, pauvres et handicap\u00e9es. Mais nous ne voulons pas accepter ces \u00e9volutions sans r\u00e9agir. Avec ces journ\u00e9es d\u2019action, on profite du 1er ao\u00fbt \u2013 une date qui, traditionnellement, donne la place \u00e0 la normalisation et \u00e0 la romantisation des fronti\u00e8res, du repli sur soi et des discours de droite \u2013 pour montrer notre critique et nos contre-perspectives. On oppose aux politiques mortif\u00e8res actuelles une politique pour une bonne vie pour touxtes. La libert\u00e9 de mouvement et de rester pour touxtes en est le fondement. Elle permet et exige des formes de cohabitation plus collectives et plus solidaires. Les fronti\u00e8res, les exclusions nationales, les relations racistes entre \u00ab nous \u00bb et \u00ab les autres \u00bb, ainsi que les continuit\u00e9s coloniales peuvent ainsi \u00eatre bris\u00e9es et surmont\u00e9es. La libert\u00e9 de rester signifie aussi que les gens ne sont pas oblig\u00e9s de partir. Pour \u00e7a, il faut mettre fin \u00e0 l\u2019exploitation coloniale, \u00e0 la destruction du climat et aux in\u00e9galit\u00e9s sociales. Restons solidaires pour la libert\u00e9 de mouvement et un avenir solidaire !<\/p>\n","protected":false},"excerpt":{"rendered":"<p>Contexte Les id\u00e9es et les discours d\u2019extr\u00eame droite semblent dominer la sc\u00e8ne internationale. Les propos fascistes sont devenus monnaie courante et les discours d\u2019extr\u00eame droite ont fait leur chemin jusqu\u2019au c\u0153ur de la politique partisane. Avec Donald Trump, c\u2019est un homme patriarcal, fasciste, raciste, misogyne et homophobe qui est \u00e0 la t\u00eate de l\u2019un des [&hellip;]<\/p>\n","protected":false},"author":1,"featured_media":0,"parent":0,"menu_order":0,"comment_status":"closed","ping_status":"closed","template":"","meta":{"footnotes":""},"class_list":["post-147","page","type-page","status-publish","hentry"],"_links":{"self":[{"href":"https:\/\/letzteraugust.bewegungsfreiheit.ch\/fr\/wp-json\/wp\/v2\/pages\/147","targetHints":{"allow":["GET"]}}],"collection":[{"href":"https:\/\/letzteraugust.bewegungsfreiheit.ch\/fr\/wp-json\/wp\/v2\/pages"}],"about":[{"href":"https:\/\/letzteraugust.bewegungsfreiheit.ch\/fr\/wp-json\/wp\/v2\/types\/page"}],"author":[{"embeddable":true,"href":"https:\/\/letzteraugust.bewegungsfreiheit.ch\/fr\/wp-json\/wp\/v2\/users\/1"}],"replies":[{"embeddable":true,"href":"https:\/\/letzteraugust.bewegungsfreiheit.ch\/fr\/wp-json\/wp\/v2\/comments?post=147"}],"version-history":[{"count":1,"href":"https:\/\/letzteraugust.bewegungsfreiheit.ch\/fr\/wp-json\/wp\/v2\/pages\/147\/revisions"}],"predecessor-version":[{"id":148,"href":"https:\/\/letzteraugust.bewegungsfreiheit.ch\/fr\/wp-json\/wp\/v2\/pages\/147\/revisions\/148"}],"wp:attachment":[{"href":"https:\/\/letzteraugust.bewegungsfreiheit.ch\/fr\/wp-json\/wp\/v2\/media?parent=147"}],"curies":[{"name":"wp","href":"https:\/\/api.w.org\/{rel}","templated":true}]}}