{"id":81,"date":"2025-06-25T00:30:29","date_gmt":"2025-06-25T00:30:29","guid":{"rendered":"https:\/\/letzteraugust.bewegungsfreiheit.ch\/letzter-august\/"},"modified":"2025-08-03T23:32:18","modified_gmt":"2025-08-03T23:32:18","slug":"letzter-august","status":"publish","type":"page","link":"https:\/\/letzteraugust.bewegungsfreiheit.ch\/fr\/","title":{"rendered":"Dernier ao\u00fbt"},"content":{"rendered":"\n<h1 class=\"wp-block-heading alignwide\">Journ\u00e9es d\u2019action pour la libert\u00e9 de mouvement et un avenir solidaire !<\/h1>\n\n<p>Le 1er ao\u00fbt est une f\u00eate nationaliste qui normalise et romantise l\u2019id\u00e9e d\u2019\u00c9tat-nation, de fronti\u00e8res et de cloisonnement. Dans un monde o\u00f9 les partis d\u2019extr\u00eame droite gagnent les \u00e9lections, o\u00f9 les concepts n\u00e9ofascistes dominent les gros titres et o\u00f9 l\u2019on tente de lutter contre la crise climatique avec des murs et des cl\u00f4tures plut\u00f4t qu\u2019avec des mesures justes de protection du climat, le 1er ao\u00fbt en Suisse offre une plateforme aux id\u00e9es et discours de droite, avec une une port\u00e9e consid\u00e9rable, jusque dans les milieux centristes (et m\u00eame, tr\u00e8s au-del\u00e0 dans la soci\u00e9t\u00e9). <\/p>\n\n<p class=\"has-large-font-size\"><em>Avec ces journ\u00e9es d\u2019action, nous souhaitons pr\u00e9senter des contre-perspectives dans toute la Suisse et montrer de mani\u00e8re r\u00e9sistante, forte et vivante que nous n\u2019acceptons pas la mont\u00e9e de l\u2019extr\u00eame droite \u00e0 l\u2019\u00e9chelle mondiale. Nous voulons opposer \u00e0 ces politiques mortif\u00e8res une politique pour une vie meilleure pour touxtes.<\/em><\/p>\n\n<div class=\"wp-block-buttons is-layout-flex wp-block-buttons-is-layout-flex\">\n<div class=\"wp-block-button has-custom-width wp-block-button__width-100 is-style-outline is-style-outline--1\"><a class=\"wp-block-button__link has-large-font-size has-custom-font-size wp-element-button\" href=\"https:\/\/letzteraugust.bewegungsfreiheit.ch\/fr\/programme\/\">Retour sur les journ\u00e9es d&rsquo;action 2025<\/a><\/div>\n<\/div>\n\n<div class=\"wp-block-group bfa-la-home-image-spread has-global-padding is-layout-constrained wp-block-group-is-layout-constrained\">\n<figure class=\"wp-block-image size-large\"><img loading=\"lazy\" decoding=\"async\" width=\"789\" height=\"1024\" src=\"https:\/\/letzteraugust.bewegungsfreiheit.ch\/wp-content\/uploads\/2025\/08\/rally-schimmen-789x1024.jpg\" alt=\"\" class=\"wp-image-265\" srcset=\"https:\/\/letzteraugust.bewegungsfreiheit.ch\/wp-content\/uploads\/2025\/08\/rally-schimmen-789x1024.jpg 789w, https:\/\/letzteraugust.bewegungsfreiheit.ch\/wp-content\/uploads\/2025\/08\/rally-schimmen-231x300.jpg 231w, https:\/\/letzteraugust.bewegungsfreiheit.ch\/wp-content\/uploads\/2025\/08\/rally-schimmen-768x997.jpg 768w, https:\/\/letzteraugust.bewegungsfreiheit.ch\/wp-content\/uploads\/2025\/08\/rally-schimmen.jpg 1040w\" sizes=\"auto, (max-width: 789px) 100vw, 789px\" \/><\/figure>\n\n\n\n<figure class=\"wp-block-image size-large\"><img loading=\"lazy\" decoding=\"async\" width=\"1024\" height=\"789\" src=\"https:\/\/letzteraugust.bewegungsfreiheit.ch\/wp-content\/uploads\/2025\/08\/rally-die-in-1-1024x789.jpg\" alt=\"\" class=\"wp-image-272\" srcset=\"https:\/\/letzteraugust.bewegungsfreiheit.ch\/wp-content\/uploads\/2025\/08\/rally-die-in-1-1024x789.jpg 1024w, https:\/\/letzteraugust.bewegungsfreiheit.ch\/wp-content\/uploads\/2025\/08\/rally-die-in-1-300x231.jpg 300w, https:\/\/letzteraugust.bewegungsfreiheit.ch\/wp-content\/uploads\/2025\/08\/rally-die-in-1-768x592.jpg 768w, https:\/\/letzteraugust.bewegungsfreiheit.ch\/wp-content\/uploads\/2025\/08\/rally-die-in-1.jpg 1350w\" sizes=\"auto, (max-width: 1024px) 100vw, 1024px\" \/><\/figure>\n\n\n\n<figure class=\"wp-block-image size-large\"><img loading=\"lazy\" decoding=\"async\" width=\"789\" height=\"1024\" src=\"https:\/\/letzteraugust.bewegungsfreiheit.ch\/wp-content\/uploads\/2025\/08\/adbusting-2-789x1024.jpg\" alt=\"\" class=\"wp-image-256\" srcset=\"https:\/\/letzteraugust.bewegungsfreiheit.ch\/wp-content\/uploads\/2025\/08\/adbusting-2-789x1024.jpg 789w, https:\/\/letzteraugust.bewegungsfreiheit.ch\/wp-content\/uploads\/2025\/08\/adbusting-2-231x300.jpg 231w, https:\/\/letzteraugust.bewegungsfreiheit.ch\/wp-content\/uploads\/2025\/08\/adbusting-2-768x997.jpg 768w, https:\/\/letzteraugust.bewegungsfreiheit.ch\/wp-content\/uploads\/2025\/08\/adbusting-2.jpg 1040w\" sizes=\"auto, (max-width: 789px) 100vw, 789px\" \/><\/figure>\n\n\n\n<figure class=\"wp-block-image size-large\"><img loading=\"lazy\" decoding=\"async\" width=\"1024\" height=\"789\" src=\"https:\/\/letzteraugust.bewegungsfreiheit.ch\/wp-content\/uploads\/2025\/08\/brunch-1-1024x789.jpg\" alt=\"\" class=\"wp-image-260\" srcset=\"https:\/\/letzteraugust.bewegungsfreiheit.ch\/wp-content\/uploads\/2025\/08\/brunch-1-1024x789.jpg 1024w, https:\/\/letzteraugust.bewegungsfreiheit.ch\/wp-content\/uploads\/2025\/08\/brunch-1-300x231.jpg 300w, https:\/\/letzteraugust.bewegungsfreiheit.ch\/wp-content\/uploads\/2025\/08\/brunch-1-768x592.jpg 768w, https:\/\/letzteraugust.bewegungsfreiheit.ch\/wp-content\/uploads\/2025\/08\/brunch-1.jpg 1350w\" sizes=\"auto, (max-width: 1024px) 100vw, 1024px\" \/><\/figure>\n\n\n\n<figure class=\"wp-block-image size-large\"><img loading=\"lazy\" decoding=\"async\" width=\"1024\" height=\"789\" src=\"https:\/\/letzteraugust.bewegungsfreiheit.ch\/wp-content\/uploads\/2025\/08\/flaggen-2-1024x789.jpg\" alt=\"\" class=\"wp-image-280\" srcset=\"https:\/\/letzteraugust.bewegungsfreiheit.ch\/wp-content\/uploads\/2025\/08\/flaggen-2-1024x789.jpg 1024w, https:\/\/letzteraugust.bewegungsfreiheit.ch\/wp-content\/uploads\/2025\/08\/flaggen-2-300x231.jpg 300w, https:\/\/letzteraugust.bewegungsfreiheit.ch\/wp-content\/uploads\/2025\/08\/flaggen-2-768x592.jpg 768w, https:\/\/letzteraugust.bewegungsfreiheit.ch\/wp-content\/uploads\/2025\/08\/flaggen-2.jpg 1350w\" sizes=\"auto, (max-width: 1024px) 100vw, 1024px\" \/><\/figure>\n<\/div>\n","protected":false},"excerpt":{"rendered":"<p>Journ\u00e9es d\u2019action pour la libert\u00e9 de mouvement et un avenir solidaire ! Le 1er ao\u00fbt est une f\u00eate nationaliste qui normalise et romantise l\u2019id\u00e9e d\u2019\u00c9tat-nation, de fronti\u00e8res et de cloisonnement. Dans un monde o\u00f9 les partis d\u2019extr\u00eame droite gagnent les \u00e9lections, o\u00f9 les concepts n\u00e9ofascistes dominent les gros titres et o\u00f9 l\u2019on tente de lutter [&hellip;]<\/p>\n","protected":false},"author":1,"featured_media":0,"parent":0,"menu_order":0,"comment_status":"closed","ping_status":"closed","template":"","meta":{"footnotes":""},"class_list":["post-81","page","type-page","status-publish","hentry"],"_links":{"self":[{"href":"https:\/\/letzteraugust.bewegungsfreiheit.ch\/fr\/wp-json\/wp\/v2\/pages\/81","targetHints":{"allow":["GET"]}}],"collection":[{"href":"https:\/\/letzteraugust.bewegungsfreiheit.ch\/fr\/wp-json\/wp\/v2\/pages"}],"about":[{"href":"https:\/\/letzteraugust.bewegungsfreiheit.ch\/fr\/wp-json\/wp\/v2\/types\/page"}],"author":[{"embeddable":true,"href":"https:\/\/letzteraugust.bewegungsfreiheit.ch\/fr\/wp-json\/wp\/v2\/users\/1"}],"replies":[{"embeddable":true,"href":"https:\/\/letzteraugust.bewegungsfreiheit.ch\/fr\/wp-json\/wp\/v2\/comments?post=81"}],"version-history":[{"count":11,"href":"https:\/\/letzteraugust.bewegungsfreiheit.ch\/fr\/wp-json\/wp\/v2\/pages\/81\/revisions"}],"predecessor-version":[{"id":322,"href":"https:\/\/letzteraugust.bewegungsfreiheit.ch\/fr\/wp-json\/wp\/v2\/pages\/81\/revisions\/322"}],"wp:attachment":[{"href":"https:\/\/letzteraugust.bewegungsfreiheit.ch\/fr\/wp-json\/wp\/v2\/media?parent=81"}],"curies":[{"name":"wp","href":"https:\/\/api.w.org\/{rel}","templated":true}]}}